{"id":622,"date":"2025-09-01T19:54:56","date_gmt":"2025-09-01T17:54:56","guid":{"rendered":"https:\/\/dutm.nl\/overzicht\/"},"modified":"2025-10-05T18:10:40","modified_gmt":"2025-10-05T16:10:40","slug":"overzicht","status":"publish","type":"page","link":"https:\/\/dutm.nl\/nl\/overzicht\/","title":{"rendered":"Overzicht"},"content":{"rendered":"\t\t<div data-elementor-type=\"wp-page\" data-elementor-id=\"622\" class=\"elementor elementor-622 elementor-174\" data-elementor-post-type=\"page\">\n\t\t\t\t<div class=\"elementor-element elementor-element-70eceaa e-flex e-con-boxed e-con e-parent\" data-id=\"70eceaa\" data-element_type=\"container\" data-settings=\"{&quot;background_background&quot;:&quot;classic&quot;}\">\n\t\t\t\t\t<div class=\"e-con-inner\">\n\t\t\t\t\t<\/div>\n\t\t\t\t<\/div>\n\t\t<div class=\"elementor-element elementor-element-0dcdf1b e-flex e-con-boxed e-con e-parent\" data-id=\"0dcdf1b\" data-element_type=\"container\">\n\t\t\t\t\t<div class=\"e-con-inner\">\n\t\t\t\t<div class=\"elementor-element elementor-element-d4b916f elementor-widget elementor-widget-heading\" data-id=\"d4b916f\" data-element_type=\"widget\" data-widget_type=\"heading.default\">\n\t\t\t\t\t<h3 class=\"elementor-heading-title elementor-size-default\">Gedreven door Expertise, Ge\u00efnspireerd door Innovatie<\/h3>\t\t\t\t<\/div>\n\t\t\t\t<div class=\"elementor-element elementor-element-d8815a0 elementor-widget elementor-widget-text-editor\" data-id=\"d8815a0\" data-element_type=\"widget\" data-widget_type=\"text-editor.default\">\n\t\t\t\t\t\t\t\t\t<p>Bij <strong>DUTM <\/strong>zijn we gespecialiseerd in het leveren van hoogwaardige smeermiddelen, speciale vloeistoffen en chemische oplossingen die vooruitgang in diverse industrie\u00ebn aandrijven. Onze reis is gebaseerd op decennia aan technische expertise, wereldwijde partnerschappen en een onwankelbare toewijding aan innovatie, kwaliteit en duurzaamheid.<br>DUTM is opgericht om te dienen als brug tussen toonaangevende wereldwijde fabrikanten en industri\u00eble eindgebruikers, en is uitgegroeid tot een vertrouwde leverancier van op maat gemaakte chemische oplossingen, smeermiddeltechnologie\u00ebn en waarde-toevoegende diensten. We vertegenwoordigen met trots een portfolio van vooraanstaande internationale merken en bieden een uitgebreid assortiment smeermiddelen, koelvloeistoffen, additieven en speciale chemicali\u00ebn.  <\/p><h4> <\/h4><h4>Waarom DUTM :<\/h4><p><img decoding=\"async\" class=\"emoji\" role=\"img\" draggable=\"false\" src=\"https:\/\/s.w.org\/images\/core\/emoji\/16.0.1\/svg\/2705.svg\" alt=\"\u2705\"> imgimgfalsefalsehttps:\/\/s.w.org\/images\/core\/emoji\/16.0.1\/svg\/2705.svghttps:\/\/s.w.org\/images\/core\/emoji\/16.0.1\/svg\/2705.svg\u2705\u2705imgimgfalsefalsehttps:\/\/s.w.org\/images\/core\/emoji\/16.0.1\/svg\/2705.svghttps:\/\/s.w.org\/images\/core\/emoji\/16.0.1\/svg\/2705.svg\u2705\u2705imgimgfalsefalsehttps:\/\/s.w.org\/images\/core\/emoji\/16.0.1\/svg\/2705.svghttps:\/\/s.w.org\/images\/core\/emoji\/16.0.1\/svg\/2705.svg\u2705\u2705What We DoWat Wij DoenWe support our customers across every stage of their lubrication and fluid management needs:Wij ondersteunen onze klanten in elke fase van hun smeermiddelen- en vloeistofbeheerbehoeften:<b>Industrial  Automotive Lubricants<\/b>\u2028<b>Industri\u00eble  Automobiele Smeermiddelen\u2028<\/b>background-color: transparent;background-color: transparent;Engine oils, gear oils, hydraulic fluids, marine lubricants, and specialty greases tailored for demanding applications.Motoroli\u00ebn, tandwieloli\u00ebn, hydraulische vloeistoffen, scheepssmeermiddelen en speciale vetten, afgestemd op veeleisende toepassingen.Coolants  AntifreezeKoelvloeistoffen  Antivriesbackground-color: transparent;background-color: transparent;Advanced formulations for automotive, industrial, and marine cooling systems, meeting international standards and OEM specifications.Geavanceerde formuleringen voor koelsystemen in de auto-, industrie- en maritieme sector, conform internationale normen en OEM-specificaties.Additives  EmulsifiersAdditieven  Emulgatorenbackground-color: transparent;background-color: transparent;High-quality chemical components and formulation aids including emulsifiers, corrosion inhibitors, biocides, and defoamers.Hoogwaardige chemische componenten en formulatiehulpmiddelen, waaronder emulgatoren, corrosieremmers, biociden en schuimremmers.Technical  Consultancy ServicesTechnische  Adviesdienstenbackground-color: transparent;background-color: transparent;Lubricant formulation development, fluid monitoring, maintenance support, and customized RD solutions.Ontwikkeling van smeermiddelformuleringen, vloeistofmonitoring, onderhoudsondersteuning en op maat gemaakte RD-oplossingen.Lab Equipment  SupplyLaboratoriumapparatuur  Benodigdhedenbackground-color: transparent;background-color: transparent;Commercial supply of advanced testing equipment for quality control and formulation analysis.Commerci\u00eble levering van geavanceerde testapparatuur voor kwaliteitscontrole en formulatieanalyse.color: inherit; font-family: inherit; font-weight: bold;color: inherit; font-family: inherit; font-weight: bold;Our ApproachOnze AanpakAt <b>DUTM<\/b>, we don&#8217;t just sell products, we build long-term partnerships grounded in performance, trust, and innovation. We believe in:Bij <b>DUTM <\/b>verkopen we niet alleen producten, we bouwen langdurige partnerschappen gebaseerd op prestaties, vertrouwen en innovatie. Wij geloven in:<b>Tailored Solutions:<\/b> Every industry is different, and so are its challenges. We focus on understanding specific requirements and delivering customized formulations or technologies to meet them.<b> Oplossingen op Maat: <\/b>Elke industrie is anders, en dat geldt ook voor de uitdagingen. Wij richten ons op het begrijpen van specifieke vereisten en het leveren van aangepaste formuleringen of technologie\u00ebn om daaraan te voldoen.<b>Reliability  Integrity:<\/b> Our team ensures consistency, regulatory compliance, and transparency in every step of the process.<b>Betrouwbaarheid  Integriteit:<\/b> Ons team waarborgt consistentie, naleving van regelgeving en transparantie in elke stap van het proces.<b>Innovation-Driven Growth: <\/b>Through strategic alliances with global leaders and our in-house know-how, we stay ahead of evolving market trends and sustainability goals.<b>Innovatiegedreven Groei:<\/b> Dankzij strategische allianties met wereldwijde marktleiders en onze interne expertise blijven we vooroplopen in veranderende markttrends en duurzaamheidsdoelstellingen.<b>Sustainability  Responsibility:<\/b> We are committed to offering eco-friendly and biodegradable options wherever possible, helping clients reduce their environmental footprint while enhancing operational efficiency.<b>Duurzaamheid  Verantwoordelijkheid:<\/b> Wij zetten ons in om waar mogelijk milieuvriendelijke en biologisch afbreekbare opties aan te bieden, zodat klanten hun ecologische voetafdruk kunnen verkleinen en tegelijk hun operationele effici\u00ebntie verhogen.color: inherit; font-family: inherit; font-weight: bold;color: inherit; font-family: inherit; font-weight: bold;Our Network  PartnershipsOns Netwerk  Partnerschappen<b>DUTM <\/b>is proud to collaborate with world-renowned manufacturers and innovators in the chemical and lubricant sectors, including industry pioneers from Europe, the Middle East, and Asia.<b>DUTM <\/b>werkt met trots samen met wereldberoemde fabrikanten en vernieuwers in de chemische en smeermiddelensectoren, waaronder industri\u00eble pioniers uit Europa, het Midden-Oosten en Azi\u00eb.These collaborations empower us to provide not only superior products but also unique insight into best practices, global trends, and breakthrough technologies.Deze samenwerkingen stellen ons in staat om niet alleen superieure producten te leveren, maar ook unieke inzichten te bieden in best practices, wereldwijde trends en baanbrekende technologie\u00ebn.color: inherit; font-family: inherit; font-weight: bold;color: inherit; font-family: inherit; font-weight: bold;Our MissionOnze MissieTo be the most reliable and innovative solution partner in the field of industrial and automotive lubrication \u2014 delivering value beyond the product through technical expertise, client-focused service, and responsible innovation.De meest betrouwbare en innovatieve oplossingspartner zijn op het gebied van industri\u00eble en automobiele smering \u2014 waarde leveren die verder gaat dan het product, door technische expertise, klantgerichte service en verantwoorde innovatie.Our VisionOnze VisieTo empower industries with world-class lubricants and fluid technologies that enhance efficiency, extend equipment life, and support sustainable development.Industrie\u00ebn versterken met smeermiddelen en vloeistoftechnologie\u00ebn van wereldklasse die de effici\u00ebntie verhogen, de levensduur van apparatuur verlengen en duurzame ontwikkeling ondersteunen.Core ValuesKernwaarden<b>Expertise<\/b> \u2013 Deep technical knowledge across lubrication science and chemical engineering.<b>Expertise <\/b>\u2013 Diepgaande technische kennis op het gebied van smeertechnologie en chemische engineering.<b>Innovation<\/b> \u2013 Forward-thinking solutions for tomorrow\u2019s challenges.<b>Innovatie <\/b>\u2013 Toekomstgerichte oplossingen voor de uitdagingen van morgen.<b>Integrity<\/b> \u2013 Transparency and trust at the heart of every partnership.<b>Integriteit <\/b>\u2013 Transparantie en vertrouwen staan centraal in elk partnerschap.<b>Customer-Centricity <\/b>\u2013 Every decision, every product, and every solution begins with our client\u2019s needs.<b>Klantgerichtheid <\/b>\u2013 Elke beslissing, elk product en elke oplossing begint bij de behoeften van onze klant.<b>Sustainability<\/b> \u2013 Promoting greener alternatives and responsible industrial practices.<b>Duurzaamheid <\/b>\u2013 Het bevorderen van groenere alternatieven en verantwoorde industri\u00eble praktijken.Let\u2019s Move Forward TogetherLaten We Samen VooruitgaanWhether you&#8217;re looking for a technical advisor, a reliable supplier, or a formulation partner, DUTM is ready to support your operations with smart, sustainable, and effective chemical solutions.Of u nu op zoek bent naar een technisch adviseur, een betrouwbare leverancier of een formulatiepartner, DUTM staat klaar om uw operaties te ondersteunen met slimme, duurzame en doeltreffende chemische oplossingen.Company Details:Bedrijfsgegevens:<b>Name:<\/b> DUTM B.V.<br><strong>KVK Number:<\/strong> 96849258<br><strong>VAT Identification Number:<\/strong> NL867793351B01<br><strong>RSIN:<\/strong> 867793351<b>Naam:<\/b> DUTM B.V.<br><strong>KVK-nummer:<\/strong> 96849258<br><strong>BTW-nummer:<\/strong> NL867793351B01<br><strong>RSIN:<\/strong> 867793351text-align: center;text-align: center;EMPOWERING WITH TAILORED SOLUTIONSVERSTERKEN MET OP MAAT GEMAAKTE OPLOSSINGEN<\/p><h4> <\/h4><h4>Wat Wij Doen<\/h4><p>Wij ondersteunen onze klanten in elke fase van hun smeermiddelen- en vloeistofbeheerbehoeften:<\/p><ul><li><b>Industri\u00eble  Automobiele Smeermiddelen\u2028<\/b><\/li><\/ul><p><span style=\"background-color: transparent;\">Motoroli\u00ebn, tandwieloli\u00ebn, hydraulische vloeistoffen, scheepssmeermiddelen en speciale vetten, afgestemd op veeleisende toepassingen.<\/span><\/p><ul><li><b>Koelvloeistoffen  Antivries<\/b><\/li><\/ul><p><span style=\"background-color: transparent;\">Geavanceerde formuleringen voor koelsystemen in de auto-, industrie- en maritieme sector, conform internationale normen en OEM-specificaties.<\/span><\/p><ul><li><b>Additieven  Emulgatoren<\/b><\/li><\/ul><p><span style=\"background-color: transparent;\">Hoogwaardige chemische componenten en formulatiehulpmiddelen, waaronder emulgatoren, corrosieremmers, biociden en schuimremmers.<\/span><\/p><ul><li><b>Technische  Adviesdiensten<\/b><\/li><\/ul><p><span style=\"background-color: transparent;\">Ontwikkeling van smeermiddelformuleringen, vloeistofmonitoring, onderhoudsondersteuning en op maat gemaakte RD-oplossingen.<\/span><\/p><ul><li><b>Laboratoriumapparatuur  Benodigdheden<\/b><\/li><\/ul><p><span style=\"background-color: transparent;\">Commerci\u00eble levering van geavanceerde testapparatuur voor kwaliteitscontrole en formulatieanalyse.<\/span><\/p><div> <\/div><div><span style=\"color: inherit; font-family: inherit; font-weight: bold;\">Onze Aanpak<\/span><\/div><div><p>Bij <b>DUTM <\/b>verkopen we niet alleen producten, we bouwen langdurige partnerschappen gebaseerd op prestaties, vertrouwen en innovatie. Wij geloven in: <\/p><ul><li><b> Oplossingen op Maat: <\/b>Elke industrie is anders, en dat geldt ook voor de uitdagingen. Wij richten ons op het begrijpen van specifieke vereisten en het leveren van aangepaste formuleringen of technologie\u00ebn om daaraan te voldoen. <\/li><li><b>Betrouwbaarheid  Integriteit:<\/b> Ons team waarborgt consistentie, naleving van regelgeving en transparantie in elke stap van het proces.<\/li><li><b>Innovatiegedreven Groei:<\/b> Dankzij strategische allianties met wereldwijde marktleiders en onze interne expertise blijven we vooroplopen in veranderende markttrends en duurzaamheidsdoelstellingen.<\/li><li><b>Duurzaamheid  Verantwoordelijkheid:<\/b> Wij zetten ons in om waar mogelijk milieuvriendelijke en biologisch afbreekbare opties aan te bieden, zodat klanten hun ecologische voetafdruk kunnen verkleinen en tegelijk hun operationele effici\u00ebntie verhogen.<\/li><\/ul><div> <\/div><div><span style=\"color: inherit; font-family: inherit; font-weight: bold;\">Ons Netwerk  Partnerschappen<\/span><\/div><p><b>DUTM <\/b>werkt met trots samen met wereldberoemde fabrikanten en vernieuwers in de chemische en smeermiddelensectoren, waaronder industri\u00eble pioniers uit Europa, het Midden-Oosten en Azi\u00eb. Deze samenwerkingen stellen ons in staat om niet alleen superieure producten te leveren, maar ook unieke inzichten te bieden in best practices, wereldwijde trends en baanbrekende technologie\u00ebn.<\/p><p><span style=\"color: inherit; font-family: inherit; font-weight: bold;\">Onze Missie<\/span><\/p><p>De meest betrouwbare en innovatieve oplossingspartner zijn op het gebied van industri\u00eble en automobiele smering \u2014 waarde leveren die verder gaat dan het product, door technische expertise, klantgerichte service en verantwoorde innovatie.<\/p><h4> <\/h4><h4>Onze Visie<\/h4><p>Industrie\u00ebn versterken met smeermiddelen en vloeistoftechnologie\u00ebn van wereldklasse die de effici\u00ebntie verhogen, de levensduur van apparatuur verlengen en duurzame ontwikkeling ondersteunen.<\/p><p><b>Kernwaarden<\/b><\/p><ul><li><b>Expertise <\/b>\u2013 Diepgaande technische kennis op het gebied van smeertechnologie en chemische engineering.<\/li><li><b>Innovatie <\/b>\u2013 Toekomstgerichte oplossingen voor de uitdagingen van morgen.<\/li><li><b>Integriteit <\/b>\u2013 Transparantie en vertrouwen staan centraal in elk partnerschap.<\/li><li><b>Klantgerichtheid <\/b>\u2013 Elke beslissing, elk product en elke oplossing begint bij de behoeften van onze klant.<\/li><li><b>Duurzaamheid <\/b>\u2013 Het bevorderen van groenere alternatieven en verantwoorde industri\u00eble praktijken.<\/li><\/ul><h4> <\/h4><h4>Laten We Samen Vooruitgaan<\/h4><p>Of u nu op zoek bent naar een technisch adviseur, een betrouwbare leverancier of een formulatiepartner, DUTM staat klaar om uw operaties te ondersteunen met slimme, duurzame en doeltreffende chemische oplossingen.<\/p><\/div><p><strong>Bedrijfsgegevens:<\/strong><\/p><p><b>Naam:<\/b> DUTM B.V.<br><strong>KVK-nummer:<\/strong> 96849258<br><strong>BTW-nummer:<\/strong> NL867793351B01<br><strong>RSIN:<\/strong> 867793351<\/p><div><hr><h4 style=\"text-align: center;\">VERSTERKEN MET OP MAAT GEMAAKTE OPLOSSINGEN<\/h4><hr><\/div>\t\t\t\t\t\t\t\t<\/div>\n\t\t\t\t\t<\/div>\n\t\t\t\t<\/div>\n\t\t\t\t<\/div>\n\t\t","protected":false},"excerpt":{"rendered":"<p>Gedreven door Expertise, Ge\u00efnspireerd door Innovatie Bij DUTM zijn we gespecialiseerd in het leveren van hoogwaardige smeermiddelen, speciale vloeistoffen en chemische oplossingen die vooruitgang in diverse industrie\u00ebn aandrijven. Onze reis is gebaseerd op decennia aan technische expertise, wereldwijde partnerschappen en een onwankelbare toewijding aan innovatie, kwaliteit en duurzaamheid.DUTM is opgericht om te dienen als brug [&hellip;]<\/p>\n","protected":false},"author":2,"featured_media":0,"parent":0,"menu_order":0,"comment_status":"closed","ping_status":"closed","template":"","meta":{"_acf_changed":false,"footnotes":""},"class_list":["post-622","page","type-page","status-publish","hentry"],"acf":[],"_links":{"self":[{"href":"https:\/\/dutm.nl\/nl\/wp-json\/wp\/v2\/pages\/622","targetHints":{"allow":["GET"]}}],"collection":[{"href":"https:\/\/dutm.nl\/nl\/wp-json\/wp\/v2\/pages"}],"about":[{"href":"https:\/\/dutm.nl\/nl\/wp-json\/wp\/v2\/types\/page"}],"author":[{"embeddable":true,"href":"https:\/\/dutm.nl\/nl\/wp-json\/wp\/v2\/users\/2"}],"replies":[{"embeddable":true,"href":"https:\/\/dutm.nl\/nl\/wp-json\/wp\/v2\/comments?post=622"}],"version-history":[{"count":16,"href":"https:\/\/dutm.nl\/nl\/wp-json\/wp\/v2\/pages\/622\/revisions"}],"predecessor-version":[{"id":988,"href":"https:\/\/dutm.nl\/nl\/wp-json\/wp\/v2\/pages\/622\/revisions\/988"}],"wp:attachment":[{"href":"https:\/\/dutm.nl\/nl\/wp-json\/wp\/v2\/media?parent=622"}],"curies":[{"name":"wp","href":"https:\/\/api.w.org\/{rel}","templated":true}]}}